{"id":341,"date":"2019-08-08T12:36:44","date_gmt":"2019-08-08T10:36:44","guid":{"rendered":"http:\/\/traffics-office.de\/?page_id=341"},"modified":"2019-08-10T11:55:38","modified_gmt":"2019-08-10T09:55:38","slug":"busreisen-modul","status":"publish","type":"page","link":"http:\/\/traffics-office.de\/index.php\/produkte-2\/busreisen-modul\/","title":{"rendered":"Busreisen Modul"},"content":{"rendered":"<p>[et_pb_section fb_built=&#8220;1&#8243; admin_label=&#8220;section&#8220; _builder_version=&#8220;3.22&#8243;][et_pb_row _builder_version=&#8220;3.25&#8243;][et_pb_column type=&#8220;4_4&#8243; _builder_version=&#8220;3.25&#8243; custom_padding=&#8220;|||&#8220; custom_padding__hover=&#8220;|||&#8220;][et_pb_image src=&#8220;http:\/\/traffics-office.de\/wp-content\/uploads\/2019\/08\/Header_BusreisenModul-1.png&#8220; align_tablet=&#8220;center&#8220; align_last_edited=&#8220;on|desktop&#8220; _builder_version=&#8220;3.26.6&#8243; animation_style=&#8220;zoom&#8220;][\/et_pb_image][\/et_pb_column][\/et_pb_row][et_pb_row column_structure=&#8220;2_5,3_5&#8243; _builder_version=&#8220;3.25&#8243;][et_pb_column type=&#8220;2_5&#8243; _builder_version=&#8220;3.25&#8243; custom_padding=&#8220;|||&#8220; custom_padding__hover=&#8220;|||&#8220;][et_pb_text _builder_version=&#8220;3.26.6&#8243;]<\/p>\n<h1><span style=\"color: #273b65;\">Busreisen Modul<\/span><\/h1>\n<p>[\/et_pb_text][\/et_pb_column][et_pb_column type=&#8220;3_5&#8243; _builder_version=&#8220;3.25&#8243; custom_padding=&#8220;|||&#8220; custom_padding__hover=&#8220;|||&#8220;][et_pb_tabs _builder_version=&#8220;3.26.6&#8243;][et_pb_tab title=&#8220;Beschreibung&#8220; _builder_version=&#8220;3.26.6&#8243;]<\/p>\n<p><span>Planung und Durchf\u00fchrung von Busreisen erfordern eine Software, die den komplexen Anspr\u00fcchen entspricht. Tagesreisen, mehrt\u00e4gige Rundreisen und Busanreisen mit Hotelaufenthalt k\u00f6nnen mit dem Bus Modul verwaltet werden.<\/span><\/p>\n<p>[\/et_pb_tab][\/et_pb_tabs][\/et_pb_column][\/et_pb_row][\/et_pb_section]<\/p>\n","protected":false},"excerpt":{"rendered":"<p>[et_pb_section fb_built=&#8220;1&#8243; admin_label=&#8220;section&#8220; _builder_version=&#8220;3.22&#8243;][et_pb_row _builder_version=&#8220;3.25&#8243;][et_pb_column type=&#8220;4_4&#8243; _builder_version=&#8220;3.25&#8243; custom_padding=&#8220;|||&#8220; custom_padding__hover=&#8220;|||&#8220;][et_pb_image src=&#8220;http:\/\/traffics-office.de\/wp-content\/uploads\/2019\/08\/Header_BusreisenModul-1.png&#8220; align_tablet=&#8220;center&#8220; align_last_edited=&#8220;on|desktop&#8220; _builder_version=&#8220;3.26.6&#8243; animation_style=&#8220;zoom&#8220;][\/et_pb_image][\/et_pb_column][\/et_pb_row][et_pb_row column_structure=&#8220;2_5,3_5&#8243; _builder_version=&#8220;3.25&#8243;][et_pb_column type=&#8220;2_5&#8243; _builder_version=&#8220;3.25&#8243; custom_padding=&#8220;|||&#8220; custom_padding__hover=&#8220;|||&#8220;][et_pb_text _builder_version=&#8220;3.26.6&#8243;] Busreisen Modul [\/et_pb_text][\/et_pb_column][et_pb_column type=&#8220;3_5&#8243; _builder_version=&#8220;3.25&#8243; custom_padding=&#8220;|||&#8220; custom_padding__hover=&#8220;|||&#8220;][et_pb_tabs _builder_version=&#8220;3.26.6&#8243;][et_pb_tab title=&#8220;Beschreibung&#8220; _builder_version=&#8220;3.26.6&#8243;] Planung und Durchf\u00fchrung von Busreisen erfordern eine Software, die den komplexen Anspr\u00fcchen entspricht. Tagesreisen, mehrt\u00e4gige Rundreisen und Busanreisen mit Hotelaufenthalt k\u00f6nnen mit dem Bus [&hellip;]<\/p>\n","protected":false},"author":1,"featured_media":0,"parent":26,"menu_order":0,"comment_status":"closed","ping_status":"closed","template":"","meta":{"_et_pb_use_builder":"on","_et_pb_old_content":"","_et_gb_content_width":""},"_links":{"self":[{"href":"http:\/\/traffics-office.de\/index.php\/wp-json\/wp\/v2\/pages\/341"}],"collection":[{"href":"http:\/\/traffics-office.de\/index.php\/wp-json\/wp\/v2\/pages"}],"about":[{"href":"http:\/\/traffics-office.de\/index.php\/wp-json\/wp\/v2\/types\/page"}],"author":[{"embeddable":true,"href":"http:\/\/traffics-office.de\/index.php\/wp-json\/wp\/v2\/users\/1"}],"replies":[{"embeddable":true,"href":"http:\/\/traffics-office.de\/index.php\/wp-json\/wp\/v2\/comments?post=341"}],"version-history":[{"count":5,"href":"http:\/\/traffics-office.de\/index.php\/wp-json\/wp\/v2\/pages\/341\/revisions"}],"predecessor-version":[{"id":404,"href":"http:\/\/traffics-office.de\/index.php\/wp-json\/wp\/v2\/pages\/341\/revisions\/404"}],"up":[{"embeddable":true,"href":"http:\/\/traffics-office.de\/index.php\/wp-json\/wp\/v2\/pages\/26"}],"wp:attachment":[{"href":"http:\/\/traffics-office.de\/index.php\/wp-json\/wp\/v2\/media?parent=341"}],"curies":[{"name":"wp","href":"https:\/\/api.w.org\/{rel}","templated":true}]}}