{"id":34,"date":"2019-05-09T13:43:01","date_gmt":"2019-05-09T11:43:01","guid":{"rendered":"http:\/\/traffics-office.de\/?page_id=34"},"modified":"2021-01-27T08:34:31","modified_gmt":"2021-01-27T07:34:31","slug":"impressum","status":"publish","type":"page","link":"http:\/\/traffics-office.de\/index.php\/impressum\/","title":{"rendered":"IMPRESSUM"},"content":{"rendered":"<p>[et_pb_section fb_built=&#8220;1&#8243; _builder_version=&#8220;3.22&#8243;][et_pb_row _builder_version=&#8220;3.25&#8243;][et_pb_column type=&#8220;4_4&#8243; _builder_version=&#8220;3.25&#8243; custom_padding=&#8220;|||&#8220; custom_padding__hover=&#8220;|||&#8220;][et_pb_text _builder_version=&#8220;3.27.4&#8243;]<\/p>\n<h1><span style=\"color: #273b65;\">IMPRESSUM<\/span><\/h1>\n<p>[\/et_pb_text][et_pb_text _builder_version=&#8220;4.8.1&#8243; hover_enabled=&#8220;0&#8243; sticky_enabled=&#8220;0&#8243;]<\/p>\n<p>Angaben gem\u00e4\u00df \u00a7 5 TMG:<\/p>\n<p><strong>Traffics Office GmbH<\/strong><\/p>\n<p>Gesch\u00e4ftsf\u00fchrer Werner Schwarz<br \/>Eichenhainstr. 2a<br \/>91217 Hersbruck<\/p>\n<p>Kontakt:<br \/> Fon: +49 (0) 9151 726960<br \/> Fax: +49 (0) 9151 7269630<br \/> Mail: schwarz(at)traffics-office.de<\/p>\n<p>Web:<br \/> <a href=\"http:\/\/www.traffics\/\">www.traffics<\/a> <a href=\"http:\/\/office.de\/\">Office.de<\/a><\/p>\n<p>Umsatzsteuer-Identifikationsnummer (USt-IdNr.) gem. \u00a7 27a UStG:\u00a0 DE 236530767<br \/> Rechtsform: GmbH<br \/> Sitz: Hersbruck<\/p>\n<p>Inhaltlich Verantwortlicher nach \u00a7 55 Abs. 2 MDStV: Werner Schwarz (Anschrift wie zuvor genannt)<\/p>\n<p>Bildnachweise: Fotolia<\/p>\n<p><strong>Online-Streitbeilegung gem\u00e4\u00df Art. 14 Abs. 1 ODR-VO<\/strong><br \/> Die Europ\u00e4ische Kommission stellt eine Plattform zur Online-Streitbeilegung (OS) bereit, die Sie hier finden\u00a0<a href=\"http:\/\/ec.europa.eu\/consumers\/odr\/\" target=\"_blank\" rel=\"noopener noreferrer\">http:\/\/ec.europa.eu\/consumers\/odr\/<\/a>.<br \/> Verbraucher haben die M\u00f6glichkeit, diese Plattform f\u00fcr die Beilegung ihrer Streitigkeiten zu nutzen. Zur Teilnahme an einem Streitbeilegungsverfahren vor einer Verbraucherschlichtungsstelle sind wir nicht verpflichtet und nicht bereit.<\/p>\n<p><strong>Informationen zum Urheberrecht und Copyright<\/strong><br \/> Die durch die Seitenbetreiber erstellten Inhalte und Werke auf diesen Seiten unterliegen dem deutschen Urheberrecht. Das Design, Layout, Texte, Quellcode, Bilder und Inhalte sind\u00a0nach \u00a7 4 und \u00a7 87 a ff UrhG\u00a0urheberrechtlich gesch\u00fctzt. Inhalte auf Internetseiten sind f\u00fcr jeden einsehbar. Das hei\u00dft jedoch nicht zwangsl\u00e4ufig, dass man diese Inhalte herunterladen oder auf sonstige Weise nutzen darf. Private Nutzer (Privatpersonen) k\u00f6nnen Ausschnitte dieser Inhalte f\u00fcr ihren pers\u00f6nlichen, nicht-kommerziellen Gebrauch elektronisch kopieren oder ausdrucken. Jede anderweitige Verwendung und komerzielle Nutung, einschlie\u00dflich der Reproduktion, Druck, Erstellen von Bildschrirmcopien, Erstellen von Screenprints, Ab\u00e4nderungen, Verbreitung, Weitergabe, erneuten Ver\u00f6ffentlichung, Ausstellung oder Vorf\u00fchrung des Inhalts dieser Internetseiten ist grunds\u00e4tzlich untersagt,\u00a0insbesondere die ungenehmigte \u00dcbernahme in ein Intranet-Angebot, \u00fcberschreiteen die normale Auswertung der Datenbanken und stellt einen Urheberrechtsversto\u00df dar, der strafrechtlich verfolgt wird und zum Schadensersatz verpflichtet.\u00a0Wir behalten uns vor, Verst\u00f6ssen hiergegen justistisch verfolgen zu lassen.<\/p>\n<p>Diese Webseiten sind f\u00fcr Traffics Office entworfen worden und alleiniges Eigentum von\u00a0Traffics Office.\u00a0Firmen und Produktmarken die hier erw\u00e4hnt werden, sind Markenzeichen verschiedener Firmen.\u00a0Kopieren und\/oder Reproduzieren ist nur mit Genehmigung durch\u00a0Traffics Office\u00a0erlaubt.\u00a0Soweit die Inhalte auf dieser Seite nicht vom Betreiber erstellt wurden, werden die Urheberrechte Dritter beachtet. Insbesondere werden Inhalte Dritter als solche gekennzeichnet. Sollten Sie trotzdem auf eine Urheberrechtsverletzung aufmerksam werden, bitten wir um einen entsprechenden Hinweis. Bei Bekanntwerden von Rechtsverletzungen werden wir derartige Inhalte umgehend entfernen.<\/p>\n<p>&nbsp;<\/p>\n<p><strong>Quellenangaben f\u00fcr die verwendeten Bilder und Grafiken:<\/strong><br \/> Fotos &amp; Grafiken dieser Website sind mit der freundlichen Genehmigung gestellt und erstellt worden von Fotolia erworben.<\/p>\n<p><strong>Haftungsbeschr\u00e4nkung:<\/strong><br \/> Mit Urteil vom 12.05.1998 hat das LG Hamburg entschieden, dass man durch Anbringen eines Links die Inhalte der gelinkten Seite ggf. mit zu verantworten hat. Dies kann nur dadurch verhindert werden dass man sich ausdr\u00fccklich von diesen Inhalten distanziert. Deshalb distanzieren wir uns ausdr\u00fccklich von den Inhalten aller gelinkten Seiten und machen uns deren Inhalte nicht zu eigen. F\u00fcr Inhalte der verlinkten Seite sind ausschliesslich deren Betreiber verantwortlich.<\/p>\n<p>Unser Angebot enth\u00e4lt Links zu externen Webseiten Dritter, auf deren Inhalte wir keinen Einfluss haben. Deshalb k\u00f6nnen wir f\u00fcr diese fremden Inhalte auch keine Gew\u00e4hr \u00fcbernehmen. F\u00fcr die Inhalte der verlinkten Seiten ist stets der jeweilige Anbieter oder Betreiber der Seiten verantwortlich. Die verlinkten Seiten wurden zum Zeitpunkt der Verlinkung auf m\u00f6gliche Rechtsverst\u00f6\u00dfe \u00fcberpr\u00fcft. Rechtswidrige Inhalte waren zum Zeitpunkt der Verlinkung nicht erkennbar. Eine permanente inhaltliche Kontrolle der verlinkten Seiten ist jedoch ohne konkrete Anhaltspunkte einer Rechtsverletzung nicht zumutbar. Bei Bekanntwerden von Rechtsverletzungen werden wir derartige Links umgehend entfernen.<\/p>\n<p>&nbsp;<\/p>\n<p><strong>Inhalte dieser Website<\/strong><br \/> Die Inhalte dieser Website werden mit gr\u00f6\u00dftm\u00f6glicher Sorgfalt erstellt. Der Anbieter \u00fcbernimmt jedoch keine Gew\u00e4hr f\u00fcr die Richtigkeit, Vollst\u00e4ndigkeit und Aktualit\u00e4t der bereitgestellten Inhalte. Die Nutzung der abrufbaren Inhalte erfolgt auf eigene Gefahr des Nutzers. Etwaige namentlich gekennzeichnete Beitr\u00e4ge Dritter geben die Meinung des jeweiligen Autors und nicht immer die Meinung des Anbieters wieder. F\u00fcr die Richtigkeit, Vollst\u00e4ndigkeit und Aktualit\u00e4t der Inhalte k\u00f6nnen wir jedoch keine Gew\u00e4hr \u00fcbernehmen. Als Diensteanbieter sind wir gem\u00e4\u00df \u00a7 7 Abs.1 TMG f\u00fcr eigene Inhalte auf diesen Seiten nach den allgemeinen Gesetzen verantwortlich. Nach \u00a7\u00a7 8 bis 10 TMG sind wir als Diensteanbieter jedoch nicht verpflichtet, \u00fcbermittelte oder gespeicherte fremde Informationen zu \u00fcberwachen oder nach Umst\u00e4nden zu forschen, die auf eine rechtswidrige T\u00e4tigkeit hinweisen. Verpflichtungen zur Entfernung oder Sperrung der Nutzung von Informationen nach den allgemeinen Gesetzen bleiben hiervon unber\u00fchrt. Eine diesbez\u00fcgliche Haftung ist jedoch erst ab dem Zeitpunkt der Kenntnis einer konkreten Rechtsverletzung m\u00f6glich. Bei Bekanntwerden von entsprechenden Rechtsverletzungen werden wir diese Inhalte umgehend entfernen.<\/p>\n<p>&nbsp;<\/p>\n<p><strong>Verf\u00fcgbarkeit der Website<\/strong><br \/> Der Anbieter wird sich bem\u00fchen, den Dienst m\u00f6glichst unterbrechungsfrei zum Abruf anzubieten. Auch bei aller Sorgfalt k\u00f6nnen aber Ausfallzeiten nicht ausgeschlossen werden. Der Anbieter beh\u00e4lt sich das Recht vor, sein Angebot jederzeit zu \u00e4ndern oder einzustellen.<\/p>\n<p>&nbsp;<\/p>\n<p><strong>Anwendbares Recht und Wirksamkeit:<\/strong><br \/> Die Nutzung der im Rahmen des Impressums oder vergleichbarer Angaben und ver\u00f6ffentlichter Kontaktadressen wie Postanschrift, Telefon- und Faxnummern und Emailadressen durch Dritte zur \u00dcbersendung von nicht ausdr\u00fccklich angeforderter Informationen wird hiermit ausdr\u00fccklich widersprochen. Die Betreiber der Seiten behalten sich ausdr\u00fccklich rechtliche Schritte im Falle der unverlangten Zusendung von Werbeinformationen, etwa durch Spam-Mails, vor.<\/p>\n<p>Es gilt ausschlie\u00dflich das ma\u00dfgebliche Recht der Bundesrepublik Deutschland. Sofern Teile oder einzelne Formulierungen von diesem Text unwirksam sind oder zuk\u00fcnftig werden, bleiben die \u00fcbrigen Teile in ihrem Inhalt und ihrer G\u00fcltigkeit davon unber\u00fchrt.<\/p>\n<p>[\/et_pb_text][\/et_pb_column][\/et_pb_row][\/et_pb_section]<\/p>\n","protected":false},"excerpt":{"rendered":"<p>[et_pb_section fb_built=&#8220;1&#8243; _builder_version=&#8220;3.22&#8243;][et_pb_row _builder_version=&#8220;3.25&#8243;][et_pb_column type=&#8220;4_4&#8243; _builder_version=&#8220;3.25&#8243; custom_padding=&#8220;|||&#8220; custom_padding__hover=&#8220;|||&#8220;][et_pb_text _builder_version=&#8220;3.27.4&#8243;] IMPRESSUM [\/et_pb_text][et_pb_text _builder_version=&#8220;4.8.1&#8243; hover_enabled=&#8220;0&#8243; sticky_enabled=&#8220;0&#8243;] Angaben gem\u00e4\u00df \u00a7 5 TMG: Traffics Office GmbH Gesch\u00e4ftsf\u00fchrer Werner SchwarzEichenhainstr. 2a91217 Hersbruck Kontakt: Fon: +49 (0) 9151 726960 Fax: +49 (0) 9151 7269630 Mail: schwarz(at)traffics-office.de Web: www.traffics Office.de Umsatzsteuer-Identifikationsnummer (USt-IdNr.) gem. \u00a7 27a UStG:\u00a0 DE 236530767 Rechtsform: GmbH Sitz: Hersbruck [&hellip;]<\/p>\n","protected":false},"author":1,"featured_media":0,"parent":0,"menu_order":0,"comment_status":"closed","ping_status":"closed","template":"","meta":{"_et_pb_use_builder":"on","_et_pb_old_content":"","_et_gb_content_width":""},"_links":{"self":[{"href":"http:\/\/traffics-office.de\/index.php\/wp-json\/wp\/v2\/pages\/34"}],"collection":[{"href":"http:\/\/traffics-office.de\/index.php\/wp-json\/wp\/v2\/pages"}],"about":[{"href":"http:\/\/traffics-office.de\/index.php\/wp-json\/wp\/v2\/types\/page"}],"author":[{"embeddable":true,"href":"http:\/\/traffics-office.de\/index.php\/wp-json\/wp\/v2\/users\/1"}],"replies":[{"embeddable":true,"href":"http:\/\/traffics-office.de\/index.php\/wp-json\/wp\/v2\/comments?post=34"}],"version-history":[{"count":10,"href":"http:\/\/traffics-office.de\/index.php\/wp-json\/wp\/v2\/pages\/34\/revisions"}],"predecessor-version":[{"id":427,"href":"http:\/\/traffics-office.de\/index.php\/wp-json\/wp\/v2\/pages\/34\/revisions\/427"}],"wp:attachment":[{"href":"http:\/\/traffics-office.de\/index.php\/wp-json\/wp\/v2\/media?parent=34"}],"curies":[{"name":"wp","href":"https:\/\/api.w.org\/{rel}","templated":true}]}}