{"id":123,"date":"2019-05-11T11:45:36","date_gmt":"2019-05-11T09:45:36","guid":{"rendered":"http:\/\/traffics-office.de\/?page_id=123"},"modified":"2019-08-10T11:54:04","modified_gmt":"2019-08-10T09:54:04","slug":"veranstaltersoftware-tour","status":"publish","type":"page","link":"http:\/\/traffics-office.de\/index.php\/produkte-2\/veranstaltersoftware-tour\/","title":{"rendered":"Veranstaltersoftware Tour"},"content":{"rendered":"<p>[et_pb_section fb_built=&#8220;1&#8243; admin_label=&#8220;section&#8220; _builder_version=&#8220;3.22&#8243;][et_pb_row _builder_version=&#8220;3.25&#8243;][et_pb_column type=&#8220;4_4&#8243; _builder_version=&#8220;3.25&#8243; custom_padding=&#8220;|||&#8220; custom_padding__hover=&#8220;|||&#8220;][et_pb_image src=&#8220;http:\/\/traffics-office.de\/wp-content\/uploads\/2019\/08\/Header_VeranstaltersoftwareTour.png&#8220; align_tablet=&#8220;center&#8220; align_last_edited=&#8220;on|desktop&#8220; _builder_version=&#8220;3.26.6&#8243; animation_style=&#8220;zoom&#8220;][\/et_pb_image][\/et_pb_column][\/et_pb_row][et_pb_row column_structure=&#8220;2_5,3_5&#8243; _builder_version=&#8220;3.25&#8243;][et_pb_column type=&#8220;2_5&#8243; _builder_version=&#8220;3.25&#8243; custom_padding=&#8220;|||&#8220; custom_padding__hover=&#8220;|||&#8220;][et_pb_text _builder_version=&#8220;3.20.2&#8243;]<\/p>\n<h1><span style=\"color: #273b65;\">Veranstalter Tour<\/span><\/h1>\n<p>[\/et_pb_text][\/et_pb_column][et_pb_column type=&#8220;3_5&#8243; _builder_version=&#8220;3.25&#8243; custom_padding=&#8220;|||&#8220; custom_padding__hover=&#8220;|||&#8220;][et_pb_tabs _builder_version=&#8220;3.20.2&#8243;][et_pb_tab title=&#8220;Beschreibung&#8220; _builder_version=&#8220;3.20.2&#8243;]<\/p>\n<p>Die Anforderungen an ein modernes Veranstaltersystem sind vielf\u00e4ltig. Einf\u00e4ltig ist zu glauben, dass ein Veranstaltersystem allen Anforderungen entspricht.\u00a0<br \/>Unser System ist ausgerichtet auf kleine und mittlere Spezialreiseveranstalter oder in der kleinen Version f\u00fcr Reiseb\u00fcros, die eigene Reisen veranstalten wollen.\u00a0<br \/>Die kleine Version ist auf 6 Arbeitspl\u00e4tze begrenzt und kann nicht an Reservierungssyteme angebunden werden. Ansonsten sind alle Funktionen der Vollversion freigeschaltet.\u00a0<br \/>Die Preis- und Mediadaten werden in einem CMS ( Content Management System ) zusammengefasst.<br \/>Das CMS von Tour greift sowohl auf selbst verhandelte und erfasste Tarife f\u00fcr Hotel,Flug und Transfers zur\u00fcck, wie auch \u00fcber Webservices ( XML ) auf Angebote anderer Veranstalter oder Fluggesellschaften.<br \/>Das dynamische Paketieren in den Buchungsstrecken des Internetauftritts ist ebenso m\u00f6glich wie die Buchung vordefinierter Reisen.\u00a0<\/p>\n<p>[\/et_pb_tab][et_pb_tab title=&#8220;Leistungsumfang&#8220; _builder_version=&#8220;3.20.2&#8243;]<\/p>\n<td class=\"text_block\" width=\"705\" height=\"22\"><strong>Leistungsbeschreibung Traffics Tour ( Veranstaltersoftware )<br \/>\n<\/strong><\/p>\n<table style=\"height: 1612px;\" border=\"0\" width=\"680\" cellspacing=\"0\" cellpadding=\"0\">\n<colgroup>\n<col width=\"410\" \/>\n<col width=\"22\" \/><\/colgroup>\n<tbody>\n<tr>\n<td class=\"xl24\" width=\"410\" height=\"17\">Vorg\u00e4nge\/Buchungen<\/td>\n<td class=\"xl25\" width=\"22\"><\/td>\n<\/tr>\n<tr>\n<td class=\"xl26\" height=\"17\">Vorgangsverwaltung<\/td>\n<td class=\"xl27\">X<\/td>\n<\/tr>\n<tr>\n<td class=\"xl26\" height=\"17\">Manuelle Terminverwaltung der Vorg\u00e4nge<\/td>\n<td class=\"xl27\">X<\/td>\n<\/tr>\n<tr>\n<td class=\"xl26\" height=\"17\">Automatisierte Terminverwaltung der Vorg\u00e4nge f\u00fcr Unterlagenversand<\/td>\n<td class=\"xl27\">X<\/td>\n<\/tr>\n<tr>\n<td class=\"xl26\" height=\"17\">Erg\u00e4nzungsmodul f\u00fcr weitere Leistungsarten<\/td>\n<td class=\"xl27\">X<\/td>\n<\/tr>\n<tr>\n<td class=\"xl26\" height=\"17\">Angebotsmodul Click`n`Mix<\/td>\n<td class=\"xl27\">X<\/td>\n<\/tr>\n<tr>\n<td class=\"xl26\" height=\"17\">Automatisierte Einlesung der Vorg\u00e4nge aus Cosmo<\/td>\n<td class=\"xl27\">X<\/td>\n<\/tr>\n<tr>\n<td class=\"xl26\" height=\"17\">Angebotserstellung und Verwaltung<\/td>\n<td class=\"xl27\">X<\/td>\n<\/tr>\n<tr>\n<td class=\"xl24\" height=\"17\">Kundendatei<\/td>\n<td class=\"xl25\"><\/td>\n<\/tr>\n<tr>\n<td class=\"xl26\" height=\"17\">Kunden\/Adressverwaltung<\/td>\n<td class=\"xl27\">X<\/td>\n<\/tr>\n<tr>\n<td class=\"xl26\" height=\"17\">Erweiterungsmodul f\u00fcr weitere Adresskategorien<\/td>\n<td class=\"xl27\">X<\/td>\n<\/tr>\n<tr>\n<td class=\"xl26\" height=\"17\">Adressdatenexport ( XLS oder CSV )<\/td>\n<td class=\"xl27\">X<\/td>\n<\/tr>\n<tr>\n<td class=\"xl26\" height=\"17\">Kommunikationstool f\u00fcr Schriftverkehr mit Kunden<\/td>\n<td class=\"xl27\">X<\/td>\n<\/tr>\n<tr>\n<td class=\"xl26\" height=\"17\">Textbausteine<\/td>\n<td class=\"xl27\">X<\/td>\n<\/tr>\n<tr>\n<td class=\"xl26\" height=\"17\">Programmstarter f\u00fcr externe Programme und Dokumente<\/td>\n<td class=\"xl27\">X<\/td>\n<\/tr>\n<tr>\n<td class=\"xl24\" height=\"17\">Buchhaltung<\/td>\n<td class=\"xl25\"><\/td>\n<\/tr>\n<tr>\n<td class=\"xl26\" height=\"17\">Kreditorenbuchhaltung<\/td>\n<td class=\"xl27\">X<\/td>\n<\/tr>\n<tr>\n<td class=\"xl26\" height=\"17\">Zahlungsverkehr (Kassen\/Banken)<\/td>\n<td class=\"xl27\">X<\/td>\n<\/tr>\n<tr>\n<td class=\"xl26\" height=\"17\">Auswertung Fibu Berichtsgenerator ( Susa\/Bilanz\/Individualberichte)<\/td>\n<td class=\"xl27\">X<\/td>\n<\/tr>\n<tr>\n<td class=\"xl26\" height=\"17\">Auswertung Fibu ( Susa der Zahlungverkehrskonten)<\/td>\n<td class=\"xl27\">X<\/td>\n<\/tr>\n<tr>\n<td class=\"xl26\" height=\"17\">Buchungsstapel f\u00fcr manuelle Buchungen der Fibu<\/td>\n<td class=\"xl27\">X<\/td>\n<\/tr>\n<tr>\n<td class=\"xl26\" height=\"17\">Kontenplan Fibu<\/td>\n<td class=\"xl27\">X<\/td>\n<\/tr>\n<tr>\n<td class=\"xl26\" height=\"17\">Kontrollbl\u00e4tter f\u00fcr Fibu Buchungen (Kontenbl\u00e4tterkontolle)<\/td>\n<td class=\"xl27\">X<\/td>\n<\/tr>\n<tr>\n<td class=\"xl26\" height=\"17\">OPOS Verwaltung Kreditoren und Debitoren<\/td>\n<td class=\"xl27\">X<\/td>\n<\/tr>\n<tr>\n<td class=\"xl26\" height=\"17\">Datenexport DATEV Format<\/td>\n<td class=\"xl27\">X<\/td>\n<\/tr>\n<tr>\n<td class=\"xl26\" height=\"17\">Abrechnungsmodul f\u00fcr Provisionsabrechnungen der Veranstalter<\/td>\n<td class=\"xl27\">X<\/td>\n<\/tr>\n<tr>\n<td class=\"xl26\" height=\"17\">Auswertung der noch abzurechnenden Provisionen der Veranstalter<\/td>\n<td class=\"xl27\">X<\/td>\n<\/tr>\n<tr>\n<td class=\"xl24\" height=\"17\">Auswertung\/Controling<\/td>\n<td class=\"xl25\"><\/td>\n<\/tr>\n<tr>\n<td class=\"xl26\" height=\"17\">Auswertungstool f\u00fcr Vertriebsdaten (Verkaufsstatistiken)<\/td>\n<td class=\"xl27\">X<\/td>\n<\/tr>\n<tr>\n<td class=\"xl26\" height=\"17\">Auslesung der Kundendaten nach Vertriebskriterien<\/td>\n<td class=\"xl27\">X<\/td>\n<\/tr>\n<tr>\n<td class=\"xl26\" height=\"17\">Auswertungstool f\u00fcr Einzelkunden und Agenturen<\/td>\n<td class=\"xl27\">X<\/td>\n<\/tr>\n<tr>\n<td class=\"xl26\" height=\"17\">Margenkontolle der Buchungsvorg\u00e4nge (Kalkulationskontrolle)<\/td>\n<td class=\"xl27\">X<\/td>\n<\/tr>\n<tr>\n<td class=\"xl26\" height=\"17\">Auswertungstool f\u00fcr Kundenanzahlungen<\/td>\n<td class=\"xl27\">X<\/td>\n<\/tr>\n<tr>\n<td class=\"xl26\" height=\"17\">Auswertungstool f\u00fcr Abgrenzung der Anzahlungen<\/td>\n<td class=\"xl27\">X<\/td>\n<\/tr>\n<tr>\n<td class=\"xl24\" height=\"17\">Agenturwesen<\/td>\n<td class=\"xl25\"><\/td>\n<\/tr>\n<tr>\n<td class=\"xl26\" height=\"17\">Provisionsabrechnungsmodul f\u00fcr Agenturen<\/td>\n<td class=\"xl27\">X<\/td>\n<\/tr>\n<tr>\n<td class=\"xl26\" height=\"17\">Provisionsverwaltung Agenturen<\/td>\n<td class=\"xl27\">X<\/td>\n<\/tr>\n<tr>\n<td class=\"xl24\" height=\"17\">Projektorientiertes Content Management System<\/td>\n<td class=\"xl25\"><\/td>\n<\/tr>\n<tr>\n<td class=\"xl26\" height=\"17\">Menuegenerator<\/td>\n<td class=\"xl27\">X<\/td>\n<\/tr>\n<tr>\n<td class=\"xl26\" height=\"17\">Inhaltsseitengenerator<\/td>\n<td class=\"xl27\">X<\/td>\n<\/tr>\n<tr>\n<td class=\"xl26\" height=\"17\">Inhaltssegmentgenerator<\/td>\n<td class=\"xl27\">X<\/td>\n<\/tr>\n<tr>\n<td class=\"xl26\" height=\"17\">Deeplinkeditor<\/td>\n<td class=\"xl27\">X<\/td>\n<\/tr>\n<tr>\n<td class=\"xl26\" height=\"17\">Internetdarstellung<\/td>\n<td class=\"xl27\">X<\/td>\n<\/tr>\n<tr>\n<td class=\"xl26\" height=\"17\">Text- und Bildverwaltung<\/td>\n<td class=\"xl27\">X<\/td>\n<\/tr>\n<tr>\n<td class=\"xl26\" height=\"17\">Template- basierte Buchungsstrecken<\/td>\n<td class=\"xl27\">X<\/td>\n<\/tr>\n<tr>\n<td class=\"xl26\" height=\"17\">XML Anbindung an CRS<\/td>\n<td class=\"xl27\">X<\/td>\n<\/tr>\n<tr>\n<td class=\"xl26\" height=\"17\">Reiseplan<\/td>\n<td class=\"xl27\">X<\/td>\n<\/tr>\n<tr>\n<td class=\"xl26\" height=\"17\">Tourenverwaltung<\/td>\n<td class=\"xl27\"><\/td>\n<\/tr>\n<tr>\n<td class=\"xl26\" height=\"17\">WEB Zugang f\u00fcr Hoteliers<\/td>\n<td class=\"xl27\">X<\/td>\n<\/tr>\n<tr>\n<td class=\"xl24\" height=\"17\">Veranstalter<\/td>\n<td class=\"xl25\"><\/td>\n<\/tr>\n<tr>\n<td class=\"xl26\" height=\"17\">Flugverwaltung Eigenkontingente<\/td>\n<td class=\"xl27\">X<\/td>\n<\/tr>\n<tr>\n<td class=\"xl26\" height=\"17\">Flugverwaltung Zubucher<\/td>\n<td class=\"xl27\">X<\/td>\n<\/tr>\n<tr>\n<td class=\"xl26\" height=\"17\">Hotelverwaltung<\/td>\n<td class=\"xl27\">X<\/td>\n<\/tr>\n<tr>\n<td class=\"xl26\" height=\"17\">Transferverwaltung<\/td>\n<td class=\"xl27\">X<\/td>\n<\/tr>\n<tr>\n<td class=\"xl26\" height=\"17\">Freizeitprogramme<\/td>\n<td class=\"xl27\">X<\/td>\n<\/tr>\n<tr>\n<td class=\"xl26\" height=\"17\">Rundreisenverwaltug<\/td>\n<td class=\"xl27\">X<\/td>\n<\/tr>\n<tr>\n<td class=\"xl24\" height=\"17\">CRS Anbindung<\/td>\n<td class=\"xl25\"><\/td>\n<\/tr>\n<tr>\n<td class=\"xl26\" height=\"17\">Datenexport INFX\/SEALTIX<\/td>\n<td class=\"xl27\"><\/td>\n<\/tr>\n<tr>\n<td class=\"xl26\" height=\"17\">XML Anbindung an CRS<\/td>\n<td class=\"xl27\"><\/td>\n<\/tr>\n<tr>\n<td class=\"xl26\" height=\"17\">STADIS auf Anfrage<\/td>\n<td class=\"xl27\"><\/td>\n<\/tr>\n<\/tbody>\n<\/table>\n<\/td>\n<\/tr>\n<\/tbody>\n<\/table>\n<p>[\/et_pb_tab][\/et_pb_tabs][\/et_pb_column][\/et_pb_row][\/et_pb_section]<\/p>\n","protected":false},"excerpt":{"rendered":"<p>[et_pb_section fb_built=&#8220;1&#8243; admin_label=&#8220;section&#8220; _builder_version=&#8220;3.22&#8243;][et_pb_row _builder_version=&#8220;3.25&#8243;][et_pb_column type=&#8220;4_4&#8243; _builder_version=&#8220;3.25&#8243; custom_padding=&#8220;|||&#8220; custom_padding__hover=&#8220;|||&#8220;][et_pb_image src=&#8220;http:\/\/traffics-office.de\/wp-content\/uploads\/2019\/08\/Header_VeranstaltersoftwareTour.png&#8220; align_tablet=&#8220;center&#8220; align_last_edited=&#8220;on|desktop&#8220; _builder_version=&#8220;3.26.6&#8243; animation_style=&#8220;zoom&#8220;][\/et_pb_image][\/et_pb_column][\/et_pb_row][et_pb_row column_structure=&#8220;2_5,3_5&#8243; _builder_version=&#8220;3.25&#8243;][et_pb_column type=&#8220;2_5&#8243; _builder_version=&#8220;3.25&#8243; custom_padding=&#8220;|||&#8220; custom_padding__hover=&#8220;|||&#8220;][et_pb_text _builder_version=&#8220;3.20.2&#8243;] Veranstalter Tour [\/et_pb_text][\/et_pb_column][et_pb_column type=&#8220;3_5&#8243; _builder_version=&#8220;3.25&#8243; custom_padding=&#8220;|||&#8220; custom_padding__hover=&#8220;|||&#8220;][et_pb_tabs _builder_version=&#8220;3.20.2&#8243;][et_pb_tab title=&#8220;Beschreibung&#8220; _builder_version=&#8220;3.20.2&#8243;] Die Anforderungen an ein modernes Veranstaltersystem sind vielf\u00e4ltig. Einf\u00e4ltig ist zu glauben, dass ein Veranstaltersystem allen Anforderungen entspricht.\u00a0Unser System ist ausgerichtet auf kleine und [&hellip;]<\/p>\n","protected":false},"author":1,"featured_media":0,"parent":26,"menu_order":0,"comment_status":"closed","ping_status":"closed","template":"","meta":{"_et_pb_use_builder":"on","_et_pb_old_content":"","_et_gb_content_width":""},"_links":{"self":[{"href":"http:\/\/traffics-office.de\/index.php\/wp-json\/wp\/v2\/pages\/123"}],"collection":[{"href":"http:\/\/traffics-office.de\/index.php\/wp-json\/wp\/v2\/pages"}],"about":[{"href":"http:\/\/traffics-office.de\/index.php\/wp-json\/wp\/v2\/types\/page"}],"author":[{"embeddable":true,"href":"http:\/\/traffics-office.de\/index.php\/wp-json\/wp\/v2\/users\/1"}],"replies":[{"embeddable":true,"href":"http:\/\/traffics-office.de\/index.php\/wp-json\/wp\/v2\/comments?post=123"}],"version-history":[{"count":11,"href":"http:\/\/traffics-office.de\/index.php\/wp-json\/wp\/v2\/pages\/123\/revisions"}],"predecessor-version":[{"id":401,"href":"http:\/\/traffics-office.de\/index.php\/wp-json\/wp\/v2\/pages\/123\/revisions\/401"}],"up":[{"embeddable":true,"href":"http:\/\/traffics-office.de\/index.php\/wp-json\/wp\/v2\/pages\/26"}],"wp:attachment":[{"href":"http:\/\/traffics-office.de\/index.php\/wp-json\/wp\/v2\/media?parent=123"}],"curies":[{"name":"wp","href":"https:\/\/api.w.org\/{rel}","templated":true}]}}