{"id":118,"date":"2019-05-11T11:44:12","date_gmt":"2019-05-11T09:44:12","guid":{"rendered":"http:\/\/traffics-office.de\/?page_id=118"},"modified":"2019-08-10T11:53:08","modified_gmt":"2019-08-10T09:53:08","slug":"backoffice-midoffice-system","status":"publish","type":"page","link":"http:\/\/traffics-office.de\/index.php\/produkte-2\/backoffice-midoffice-system\/","title":{"rendered":"Backoffice &#038; Midoffice System"},"content":{"rendered":"<p>[et_pb_section fb_built=&#8220;1&#8243; admin_label=&#8220;section&#8220; _builder_version=&#8220;3.22&#8243;][et_pb_row admin_label=&#8220;row&#8220; _builder_version=&#8220;3.25&#8243; background_size=&#8220;initial&#8220; background_position=&#8220;top_left&#8220; background_repeat=&#8220;repeat&#8220;][et_pb_column type=&#8220;4_4&#8243; _builder_version=&#8220;3.25&#8243; custom_padding=&#8220;|||&#8220; custom_padding__hover=&#8220;|||&#8220;][et_pb_image src=&#8220;http:\/\/traffics-office.de\/wp-content\/uploads\/2019\/08\/Header_Backoffice.png&#8220; align_tablet=&#8220;center&#8220; align_last_edited=&#8220;on|desktop&#8220; _builder_version=&#8220;3.26.6&#8243; animation_style=&#8220;zoom&#8220;][\/et_pb_image][\/et_pb_column][\/et_pb_row][et_pb_row column_structure=&#8220;2_5,3_5&#8243; _builder_version=&#8220;3.25&#8243;][et_pb_column type=&#8220;2_5&#8243; _builder_version=&#8220;3.25&#8243; custom_padding=&#8220;|||&#8220; custom_padding__hover=&#8220;|||&#8220;][et_pb_text _builder_version=&#8220;3.20.2&#8243;]<\/p>\n<h1><span style=\"color: #273b65;\">Backoffice &amp; Midoffice System<\/span><\/h1>\n<p>[\/et_pb_text][et_pb_image src=&#8220;http:\/\/traffics-office.de\/wp-content\/uploads\/2019\/05\/Tourserver_CUM_Small.jpg&#8220; force_fullwidth=&#8220;on&#8220; align_tablet=&#8220;center&#8220; align_last_edited=&#8220;on|desktop&#8220; _builder_version=&#8220;3.23&#8243;][\/et_pb_image][et_pb_image src=&#8220;http:\/\/traffics-office.de\/wp-content\/uploads\/2019\/05\/Tourserver_Midoffice_klein.jpg&#8220; force_fullwidth=&#8220;on&#8220; align_tablet=&#8220;center&#8220; align_last_edited=&#8220;on|desktop&#8220; _builder_version=&#8220;3.23&#8243;][\/et_pb_image][\/et_pb_column][et_pb_column type=&#8220;3_5&#8243; _builder_version=&#8220;3.25&#8243; custom_padding=&#8220;|||&#8220; custom_padding__hover=&#8220;|||&#8220;][et_pb_tabs _builder_version=&#8220;3.20.2&#8243;][et_pb_tab title=&#8220;Beschreibung&#8220; _builder_version=&#8220;3.20.2&#8243;]<\/p>\n<p>Unsere Software unterst\u00fctzt die Arbeitsabl\u00e4ufe eines Reiseb\u00fcros, von der Erstellung eines Angebots bis zur Bilanz.\u00a0<\/p>\n<p><strong>Das\u00a0 Frontoffice ( Tourserver Click und Mix )<\/strong><\/p>\n<p>Angebote schnell und einfach zu erstellen ist im Alltag des Reiseb\u00fcros eine wichtige Funktion. Die Buchungsoberf\u00e4che unseres Systems ist<br \/>mit Schnittstellen zum CSR von Traffics und zum GDS von Galileo verbunden. Sollte der Kunde auch das Veranstalterprogramm nutzen,k\u00f6nnen hier selbstverst\u00e4ndlich auch die eigenen Leistungen dem Angebot hinzugef\u00fcgt werden.<br \/>Weitere Schnittstellen zu anderen Preisvergleichs- und Reservierungssystemen sind in Planung.\u00a0<br \/>Alle Anfragen und Angebote werden in einem Reiseplan gespeichert und k\u00f6nnen ausgedruckt oder als PDF -Datei verschickt werden.<br \/>Hat der Kunde sich f\u00fcr das Angebot entschieden, dann kann auf Knopfdruck gebucht werden, wobei eine erneute Vakanzpr\u00fcfung durch das System erfolgt.<\/p>\n<p>Im Mid-Office\u00a0 (Tourserver Office )<\/p>\n<p>erfolgt die Nachbearbeitung der gebuchten Vorg\u00e4nge durch die Expedienten. Ein ausgereiftes Terminsystem sorgt daf\u00fcr, dass nichts vergessen wird.\u00a0 Vorg\u00e4nge, die nicht aus dem CRS \u00fcbernommen werden, k\u00f6nnen hier manuell erfa\u00dft und verwaltet werden.<br \/>Abh\u00e4ngig von der Organisation im Unternehmen, kann der Zahlungsverkehr, die Kreditorenerfassung und die Margenkontrolle im Mid Office verarbeitet werden.<br \/>Zur Abstimmung des Monatsabschlusses k\u00f6nnen die Kontierungen auf buchhalterische Richtigkeit \u00fcberpr\u00fcft werden und die Offene &#8211; Posten &#8211; Buchhaltung kontrolliert werden.\u00a0\u00a0\u00a0<\/p>\n<p><strong>Im Back Office ( Tourserver FIBU )<\/strong><\/p>\n<p>nach Integration der Lohnbuchhaltung und den notwendigen Umbuchungen f\u00fcr die Hauptabschlu\u00df\u00fcbersicht spiegelt sich das wirtschaftliche Ergebnis in Form einer Bilanz und einer G+V wieder. Eine teure externe Finanzbuchhaltung entf\u00e4llt.\u00a0\u00a0<\/p>\n<p>[\/et_pb_tab][\/et_pb_tabs][\/et_pb_column][\/et_pb_row][\/et_pb_section]<\/p>\n","protected":false},"excerpt":{"rendered":"<p>[et_pb_section fb_built=&#8220;1&#8243; admin_label=&#8220;section&#8220; _builder_version=&#8220;3.22&#8243;][et_pb_row admin_label=&#8220;row&#8220; _builder_version=&#8220;3.25&#8243; background_size=&#8220;initial&#8220; background_position=&#8220;top_left&#8220; background_repeat=&#8220;repeat&#8220;][et_pb_column type=&#8220;4_4&#8243; _builder_version=&#8220;3.25&#8243; custom_padding=&#8220;|||&#8220; custom_padding__hover=&#8220;|||&#8220;][et_pb_image src=&#8220;http:\/\/traffics-office.de\/wp-content\/uploads\/2019\/08\/Header_Backoffice.png&#8220; align_tablet=&#8220;center&#8220; align_last_edited=&#8220;on|desktop&#8220; _builder_version=&#8220;3.26.6&#8243; animation_style=&#8220;zoom&#8220;][\/et_pb_image][\/et_pb_column][\/et_pb_row][et_pb_row column_structure=&#8220;2_5,3_5&#8243; _builder_version=&#8220;3.25&#8243;][et_pb_column type=&#8220;2_5&#8243; _builder_version=&#8220;3.25&#8243; custom_padding=&#8220;|||&#8220; custom_padding__hover=&#8220;|||&#8220;][et_pb_text _builder_version=&#8220;3.20.2&#8243;] Backoffice &amp; Midoffice System [\/et_pb_text][et_pb_image src=&#8220;http:\/\/traffics-office.de\/wp-content\/uploads\/2019\/05\/Tourserver_CUM_Small.jpg&#8220; force_fullwidth=&#8220;on&#8220; align_tablet=&#8220;center&#8220; align_last_edited=&#8220;on|desktop&#8220; _builder_version=&#8220;3.23&#8243;][\/et_pb_image][et_pb_image src=&#8220;http:\/\/traffics-office.de\/wp-content\/uploads\/2019\/05\/Tourserver_Midoffice_klein.jpg&#8220; force_fullwidth=&#8220;on&#8220; align_tablet=&#8220;center&#8220; align_last_edited=&#8220;on|desktop&#8220; _builder_version=&#8220;3.23&#8243;][\/et_pb_image][\/et_pb_column][et_pb_column type=&#8220;3_5&#8243; _builder_version=&#8220;3.25&#8243; custom_padding=&#8220;|||&#8220; custom_padding__hover=&#8220;|||&#8220;][et_pb_tabs _builder_version=&#8220;3.20.2&#8243;][et_pb_tab title=&#8220;Beschreibung&#8220; _builder_version=&#8220;3.20.2&#8243;] Unsere Software unterst\u00fctzt die Arbeitsabl\u00e4ufe eines Reiseb\u00fcros, von [&hellip;]<\/p>\n","protected":false},"author":1,"featured_media":0,"parent":26,"menu_order":0,"comment_status":"closed","ping_status":"closed","template":"","meta":{"_et_pb_use_builder":"on","_et_pb_old_content":"","_et_gb_content_width":""},"_links":{"self":[{"href":"http:\/\/traffics-office.de\/index.php\/wp-json\/wp\/v2\/pages\/118"}],"collection":[{"href":"http:\/\/traffics-office.de\/index.php\/wp-json\/wp\/v2\/pages"}],"about":[{"href":"http:\/\/traffics-office.de\/index.php\/wp-json\/wp\/v2\/types\/page"}],"author":[{"embeddable":true,"href":"http:\/\/traffics-office.de\/index.php\/wp-json\/wp\/v2\/users\/1"}],"replies":[{"embeddable":true,"href":"http:\/\/traffics-office.de\/index.php\/wp-json\/wp\/v2\/comments?post=118"}],"version-history":[{"count":14,"href":"http:\/\/traffics-office.de\/index.php\/wp-json\/wp\/v2\/pages\/118\/revisions"}],"predecessor-version":[{"id":399,"href":"http:\/\/traffics-office.de\/index.php\/wp-json\/wp\/v2\/pages\/118\/revisions\/399"}],"up":[{"embeddable":true,"href":"http:\/\/traffics-office.de\/index.php\/wp-json\/wp\/v2\/pages\/26"}],"wp:attachment":[{"href":"http:\/\/traffics-office.de\/index.php\/wp-json\/wp\/v2\/media?parent=118"}],"curies":[{"name":"wp","href":"https:\/\/api.w.org\/{rel}","templated":true}]}}